{"id":3,"date":"2024-08-30T12:09:06","date_gmt":"2024-08-30T12:09:06","guid":{"rendered":"http:\/\/localhost\/wordpress\/?page_id=3"},"modified":"2024-08-30T12:09:06","modified_gmt":"2024-08-30T12:09:06","slug":"privacy-policy","status":"publish","type":"page","link":"https:\/\/www.automakersnews.cz\/index.php\/privacy-policy\/","title":{"rendered":"O n\u00e1s"},"content":{"rendered":"<p><strong>\u010casopis AUTOmakers<\/strong> je oborov\u00fd B2B \u010dtvrtletn\u00edk vyd\u00e1van\u00fd od roku 2005 ve spolupr\u00e1ci se Sdru\u017een\u00edm automobilov\u00e9ho pr\u016fmyslu a Svazem dovozc\u016f automobil\u016f. K jeho \u010dten\u00e1\u0159\u016fm pat\u0159\u00ed mana\u017ee\u0159i spole\u010dnost\u00ed sdru\u017een\u00fdch v uveden\u00fdch organizac\u00edch, d\u00e1le prodejci aut, mana\u017ee\u0159i servis\u016f, poji\u0161\u0165oven a leasingov\u00fdch spole\u010dnost\u00ed.<\/p>\n<p>Magaz\u00edn vych\u00e1z\u00ed ka\u017ed\u00fd kvart\u00e1l v n\u00e1kladu 2000 kus\u016f, k printu n\u00e1le\u017e\u00ed tak\u00e9 zpravodajsk\u00fd port\u00e1l automakers.cz, kter\u00fd nab\u00edz\u00ed denn\u00ed online zpravodajstv\u00ed ze sv\u011bta autobyznysu.<\/p>\n<p>Projekt AUTOmakers je partnerem \u0159ady oborov\u00fdch veletrh\u016f a novin\u00e1\u0159sk\u00e9 ankety Auto roku 2025 v \u010cR!<\/p>\n","protected":false},"excerpt":{"rendered":"<div class=\"mh-excerpt\"><p>\u010casopis AUTOmakers je oborov\u00fd B2B \u010dtvrtletn\u00edk vyd\u00e1van\u00fd od roku 2005 ve spolupr\u00e1ci se Sdru\u017een\u00edm automobilov\u00e9ho pr\u016fmyslu a Svazem dovozc\u016f automobil\u016f. K jeho \u010dten\u00e1\u0159\u016fm pat\u0159\u00ed mana\u017ee\u0159i <a class=\"mh-excerpt-more\" href=\"https:\/\/www.automakersnews.cz\/index.php\/privacy-policy\/\" title=\"O n\u00e1s\">[&#8230;]<\/a><\/p>\n<\/div>","protected":false},"author":1,"featured_media":0,"parent":0,"menu_order":0,"comment_status":"closed","ping_status":"open","template":"","meta":{"footnotes":""},"class_list":["post-3","page","type-page","status-publish","hentry"],"_links":{"self":[{"href":"https:\/\/www.automakersnews.cz\/index.php\/wp-json\/wp\/v2\/pages\/3","targetHints":{"allow":["GET"]}}],"collection":[{"href":"https:\/\/www.automakersnews.cz\/index.php\/wp-json\/wp\/v2\/pages"}],"about":[{"href":"https:\/\/www.automakersnews.cz\/index.php\/wp-json\/wp\/v2\/types\/page"}],"author":[{"embeddable":true,"href":"https:\/\/www.automakersnews.cz\/index.php\/wp-json\/wp\/v2\/users\/1"}],"replies":[{"embeddable":true,"href":"https:\/\/www.automakersnews.cz\/index.php\/wp-json\/wp\/v2\/comments?post=3"}],"version-history":[{"count":1,"href":"https:\/\/www.automakersnews.cz\/index.php\/wp-json\/wp\/v2\/pages\/3\/revisions"}],"predecessor-version":[{"id":108213,"href":"https:\/\/www.automakersnews.cz\/index.php\/wp-json\/wp\/v2\/pages\/3\/revisions\/108213"}],"wp:attachment":[{"href":"https:\/\/www.automakersnews.cz\/index.php\/wp-json\/wp\/v2\/media?parent=3"}],"curies":[{"name":"wp","href":"https:\/\/api.w.org\/{rel}","templated":true}]}}